{"id":1009,"date":"2017-12-05T12:38:34","date_gmt":"2017-12-05T11:38:34","guid":{"rendered":"http:\/\/wud.psyergo.uni-wuerzburg.de\/?page_id=1009"},"modified":"2019-05-29T10:47:22","modified_gmt":"2019-05-29T08:47:22","slug":"programm-2018","status":"publish","type":"page","link":"https:\/\/wud.psyergo.uni-wuerzburg.de\/index.php\/programm-2018\/","title":{"rendered":"Programm 2018"},"content":{"rendered":"<h2>Programm 2018<\/h2>\n<h3>ab 13:45 Check-in<\/h3>\n<h3>14:00 Uhr: Er\u00f6ffnung<\/h3>\n<p><img decoding=\"async\" src=\"https:\/\/wud.psyergo.uni-wuerzburg.de\/wp-content\/uploads\/2015\/11\/IMGP3749_web-150x150.jpg\" alt=\"\" srcset=\"https:\/\/wud.psyergo.uni-wuerzburg.de\/wp-content\/uploads\/2015\/11\/IMGP3749_web-150x150.jpg 150w, https:\/\/wud.psyergo.uni-wuerzburg.de\/wp-content\/uploads\/2015\/11\/IMGP3749_web-250x250.jpg 250w\" sizes=\"(max-width: 150px) 100vw, 150px\" width=\"150\" height=\"150\"><\/p>\n<h6><a href=\"https:\/\/wud.psyergo.uni-wuerzburg.de\/?page_id=1016\">Prof. Dr. J\u00f6rn Hurtienne<\/a><\/h6>\n<h6><a href=\"http:\/\/psyergo.uni-wuerzburg.de\/\" target=\"_blank\" rel=\"noopener noreferrer\">Lehrstuhl Psychologische Ergonomie, Universit\u00e4t W\u00fcrzburg<\/a><\/h6>\n<p><img fetchpriority=\"high\" decoding=\"async\" src=\"https:\/\/wud.psyergo.uni-wuerzburg.de\/wp-content\/uploads\/2018\/05\/WUD-2018_Webseitenbanner_02-Kopie-1.jpg\" alt=\"\" srcset=\"https:\/\/wud.psyergo.uni-wuerzburg.de\/wp-content\/uploads\/2018\/05\/WUD-2018_Webseitenbanner_02-Kopie-1.jpg 942w, https:\/\/wud.psyergo.uni-wuerzburg.de\/wp-content\/uploads\/2018\/05\/WUD-2018_Webseitenbanner_02-Kopie-1-300x98.jpg 300w, https:\/\/wud.psyergo.uni-wuerzburg.de\/wp-content\/uploads\/2018\/05\/WUD-2018_Webseitenbanner_02-Kopie-1-768x251.jpg 768w, https:\/\/wud.psyergo.uni-wuerzburg.de\/wp-content\/uploads\/2018\/05\/WUD-2018_Webseitenbanner_02-Kopie-1-150x49.jpg 150w\" sizes=\"(max-width: 942px) 100vw, 942px\" width=\"942\" height=\"308\"><\/p>\n<h3>14:15-14:45 Uhr: HMI im Appstyle<\/h3>\n<p><img decoding=\"async\" src=\"https:\/\/wud.psyergo.uni-wuerzburg.de\/wp-content\/uploads\/2018\/06\/HTH1-300x169.png\" alt=\"\" srcset=\"https:\/\/wud.psyergo.uni-wuerzburg.de\/wp-content\/uploads\/2018\/06\/HTH1-300x169.png 300w, https:\/\/wud.psyergo.uni-wuerzburg.de\/wp-content\/uploads\/2018\/06\/HTH1-150x84.png 150w, https:\/\/wud.psyergo.uni-wuerzburg.de\/wp-content\/uploads\/2018\/06\/HTH1.png 304w\" sizes=\"(max-width: 300px) 100vw, 300px\" width=\"300\" height=\"169\"><\/p>\n<h6><a href=\"https:\/\/wud.psyergo.uni-wuerzburg.de\/?page_id=1016\">Hauke Thorenz<\/a><\/h6>\n<h6><a style=\"font-size: 22px; background-color: #ffffff;\" href=\"https:\/\/www.gti.de\/produkte-der-gti\/procon-web\/systemunterstuetzung-fuer-usability\/\" target=\"_blank\" rel=\"noopener noreferrer\">GTI-control<\/a><\/h6>\n<p>F\u00fcr Nordson Engineering GmbH aus L\u00fcneburg, einem weltweit agierenden Hersteller von Pr\u00e4zisionsanlagen zum Auftrag von Klebstoffen, erstellte die GTI-control aus Marktheidenfeld die neue Benutzeroberfl\u00e4che f\u00fcr die Erneuerung von VersaBlue \u00ae, dem Hauptprodukt von Nordson.Dabei wurde in enger Abstimmung mit dem Kunden eine innovative und streng anwendungsorientierte L\u00f6sung umgesetzt, die die zus\u00e4tzliche Anforderungen bez\u00fcglich Industrie 4.0 mit abgedeckt. Das neue System beinhaltet ein Netzwerkkonzept und unterst\u00fctzt durch seine HTML5-basierte Umsetzung die Nutzung von Mobilger\u00e4ten und Web-Panels. Der Vortrag stellt die enge Zusammenarbeit bei der Umsetzung dar, um die besonderen Herausforderungen eines solchen Systems abzudecken und&nbsp; L\u00f6sungen aufzuzeigen.<\/p>\n<h3>14:45-15:15 Uhr: Usability Engineering an Medizinprodukten \u2013 Herausforderungen &amp; praktische Umsetzung<\/h3>\n<p><img loading=\"lazy\" decoding=\"async\" src=\"https:\/\/wud.psyergo.uni-wuerzburg.de\/wp-content\/uploads\/2018\/10\/Marcella_fresenius-medical-care-150x150.jpg\" alt=\"\" srcset=\"https:\/\/wud.psyergo.uni-wuerzburg.de\/wp-content\/uploads\/2018\/10\/Marcella_fresenius-medical-care-150x150.jpg 150w, https:\/\/wud.psyergo.uni-wuerzburg.de\/wp-content\/uploads\/2018\/10\/Marcella_fresenius-medical-care-250x250.jpg 250w\" sizes=\"(max-width: 150px) 100vw, 150px\" width=\"150\" height=\"150\"><\/p>\n<h6><a href=\"https:\/\/wud.psyergo.uni-wuerzburg.de\/?page_id=1016\/#MM\">Marcella Makowski<\/a><\/h6>\n<h6><a href=\"https:\/\/www.freseniusmedicalcare.com\/de\/startseite\/\" target=\"_blank\" rel=\"noopener noreferrer\">Fresenius Medical Care<\/a><\/h6>\n<p>Mangelnde Usability bei Medizinprodukten kann zu Benutzungsfehlern f\u00fchren, die schwerwiegende Folgen f\u00fcr den Patienten oder den Nutzer und auch die Umwelt haben k\u00f6nnen. Diese Erkenntnis hat in den letzten 10 Jahren zu einem Umdenken gef\u00fchrt und daf\u00fcr gesorgt, dass das Usability Engineering mittlerweile ein integraler Bestandteil in der Entwicklung von Medizinprodukten ist. Nichtsdestotrotz ist es gegen\u00fcber dem Usability Engineering in Bereichen wie Luft- und Raumfahrt oder auch in der Automobilindustrie noch ein relativ neues und weniger etabliertes Feld und unterscheidet sich erheblich von Usability Engineering in anderen Bereichen.<br \/>\nDer Vortrag legt dar, welche Herausforderungen es konkret gibt und zeigt am Beispiel eines f\u00fchrenden Medizinprodukteunternehmens auf, wie die praktische Umsetzung funktionieren kann.<\/p>\n<h3>15:15-15:45 Uhr: Usable Security oder &#8211; Wie der Faktor Mensch die besten Sicherheitsmechanismen aushebelt<\/h3>\n<p><img loading=\"lazy\" decoding=\"async\" src=\"https:\/\/wud.psyergo.uni-wuerzburg.de\/wp-content\/uploads\/2018\/10\/Robert-Tscharn-150x150.jpg\" alt=\"\" srcset=\"https:\/\/wud.psyergo.uni-wuerzburg.de\/wp-content\/uploads\/2018\/10\/Robert-Tscharn-150x150.jpg 150w, https:\/\/wud.psyergo.uni-wuerzburg.de\/wp-content\/uploads\/2018\/10\/Robert-Tscharn-250x250.jpg 250w\" sizes=\"(max-width: 150px) 100vw, 150px\" width=\"150\" height=\"150\"><\/p>\n<h6><a href=\"https:\/\/wud.psyergo.uni-wuerzburg.de\/?page_id=1016\/#RT\">Robert Tscharn<\/a><\/h6>\n<h6><a href=\"https:\/\/www.detecon.com\/de\" target=\"_blank\" rel=\"noopener noreferrer\">Detecon International<\/a> &amp; <a href=\"https:\/\/fuenfpunktnull.de\/\" target=\"_blank\" rel=\"noopener noreferrer\">f\u00fcnfpunktnull<\/a><\/h6>\n<p>In Zeiten von Cyberkriminalit\u00e4t, E-Privacy und Datenschutzgrundverordnung sch\u00fctzen Unternehmen vertrauliche Daten mit viel Aufwand und technisch ausgekl\u00fcgelten Sicherheitsmechanismen. Diese sind jedoch wenig nutzerfreundlich und f\u00fchren damit zum genau gegenteiligen Effekt: Nutzer umgehen starke Sicherheitsma\u00dfnahmen einfach (denken Sie an den ber\u00fchmten Passwortzettel unter der Tastatur) und machen Daten und Systeme damit zu einem leichten Ziel f\u00fcr Angriffe. Der Vortrag geht der Frage nach, wie sich Security und Usability unter einen Hut bekommen lassen, zeigt positive und negative Beispiele auf und macht deutlich, wie das fr\u00fchzeitige Einbeziehen von Nutzern und Kontext in Projekten zu Usable Security f\u00fchren kann.<\/p>\n<h3>15:45-16:15 Uhr: Pause<\/h3>\n<h3>16:15-16:45 Uhr: Warum das Thema Customer Experience in die Chefetage geh\u00f6rt<\/h3>\n<p><img loading=\"lazy\" decoding=\"async\" src=\"https:\/\/wud.psyergo.uni-wuerzburg.de\/wp-content\/uploads\/2018\/09\/Johannes_Metz_djd-150x150.jpg\" alt=\"\" srcset=\"https:\/\/wud.psyergo.uni-wuerzburg.de\/wp-content\/uploads\/2018\/09\/Johannes_Metz_djd-150x150.jpg 150w, https:\/\/wud.psyergo.uni-wuerzburg.de\/wp-content\/uploads\/2018\/09\/Johannes_Metz_djd-250x250.jpg 250w\" sizes=\"(max-width: 150px) 100vw, 150px\" width=\"150\" height=\"150\"><\/p>\n<h6><a href=\"https:\/\/wud.psyergo.uni-wuerzburg.de\/?page_id=1016\/#JM\">Johannes Metz<\/a><\/h6>\n<h6><a href=\"https:\/\/www.djd.de\/\" target=\"_blank\" rel=\"noopener noreferrer\">djd<\/a><\/h6>\n<p>Seit Jahren geistern Begriffe wie Usability und Customer Experience als vermeintliche Buzzwords durch Unternehmen und Medien. Und obwohl das Potential und die Wichtigkeit an den meisten Stellen gef\u00fchlt angekommen zu sein scheint, f\u00e4llt es vielen Unternehmen schwer, wirklich effizient und n\u00fctzlich mit der gewonnen Erkenntnis umzugehen. Woran das liegt und wie ein Verst\u00e4ndnis der Begrifflichkeiten zu einem Ausweg aus dem Dilemma f\u00fchren kann, erkl\u00e4rt Johannes Metz mit anschlie\u00dfend offener Diskussionsrunde auf Basis von Fragen wie: \u201eWarum macht eine Usability Abteilung keinen Sinn?\u201c oder \u201eWelche Rolle spielt User Experience in der digitalen Transformation?\u201c.<\/p>\n<h3>16:45-17:15 Uhr: Modulare Konzepte f\u00fcr Usability im Sonermaschinenbau<\/h3>\n<p><img loading=\"lazy\" decoding=\"async\" src=\"https:\/\/wud.psyergo.uni-wuerzburg.de\/wp-content\/uploads\/2018\/10\/2016-Portrait-FlorianFuchs-150x150.png\" alt=\"\" srcset=\"https:\/\/wud.psyergo.uni-wuerzburg.de\/wp-content\/uploads\/2018\/10\/2016-Portrait-FlorianFuchs-150x150.png 150w, https:\/\/wud.psyergo.uni-wuerzburg.de\/wp-content\/uploads\/2018\/10\/2016-Portrait-FlorianFuchs-250x250.png 250w\" sizes=\"(max-width: 150px) 100vw, 150px\" width=\"150\" height=\"150\"><\/p>\n<h6><a href=\"https:\/\/wud.psyergo.uni-wuerzburg.de\/?page_id=1016\/#FF\">Florian Fuchs<\/a><\/h6>\n<h6><a href=\"https:\/\/www.caderadesign.de\/\" target=\"_blank\" rel=\"noopener noreferrer\">CaderaDesign<\/a><\/h6>\n<p>Wie spart man Projektierkosten durch modulare Maschinenbilder und flexible Produktions-Screens? Viele Maschinenbauer stehen vor der Herausforderung f\u00fcr jeden Kunden eine \u201ekundenspezifische\u201c Maschine zu fertigen. Aufgaben wie Produktion, Inbetriebnahme oder Umr\u00fcsten einer Maschine m\u00fcssen auf diese Individualisierungen eingehen, um eine optimale User Experience f\u00fcr die unterschiedlichen Nutzergruppen zu erzielen. So spiegeln sich diese Sonderanfertigungen auch in der Maschinensteuerung (HMI) wieder. Ein modularer Ansatz f\u00fchrt dabei zur erforderlichen Flexibilit\u00e4t.<br \/>\nAnhand von Praxisbeispielen werden geeignete innovative UX-Patterns vorgestellt und diskutiert. Es werden L\u00f6sungswege aufgezeigt, wie man den Herausforderungen der Sondermaschinen-HMIs begegnen kann, um diese modular und damit einfach, schnell und flexibel handhabbar zu machen. Die Patterns sind auch auf andere Bereiche \u00fcbertragbar, in denen eine Anwendung kundenspezifische L\u00f6sungen bedienen muss.<\/p>\n<h3>17:15-17:45 Uhr: The good, the bad and the ugly<\/h3>\n<p><img loading=\"lazy\" decoding=\"async\" src=\"https:\/\/wud.psyergo.uni-wuerzburg.de\/wp-content\/uploads\/2015\/11\/Mail-Anhang-150x150.jpeg\" alt=\"\" srcset=\"https:\/\/wud.psyergo.uni-wuerzburg.de\/wp-content\/uploads\/2015\/11\/Mail-Anhang-150x150.jpeg 150w, https:\/\/wud.psyergo.uni-wuerzburg.de\/wp-content\/uploads\/2015\/11\/Mail-Anhang-300x300.jpeg 300w, https:\/\/wud.psyergo.uni-wuerzburg.de\/wp-content\/uploads\/2015\/11\/Mail-Anhang-768x768.jpeg 768w, https:\/\/wud.psyergo.uni-wuerzburg.de\/wp-content\/uploads\/2015\/11\/Mail-Anhang-1024x1024.jpeg 1024w, https:\/\/wud.psyergo.uni-wuerzburg.de\/wp-content\/uploads\/2015\/11\/Mail-Anhang-250x250.jpeg 250w, https:\/\/wud.psyergo.uni-wuerzburg.de\/wp-content\/uploads\/2015\/11\/Mail-Anhang.jpeg 1536w\" sizes=\"(max-width: 150px) 100vw, 150px\" width=\"150\" height=\"150\"><\/p>\n<h6><a href=\"https:\/\/wud.psyergo.uni-wuerzburg.de\/?page_id=1016\/#MF\">Katrin Schneider und Steffen Hartmann<\/a><\/h6>\n<p><img loading=\"lazy\" decoding=\"async\" src=\"https:\/\/wud.psyergo.uni-wuerzburg.de\/wp-content\/uploads\/2015\/11\/Mail-Anhang-2-150x150.jpeg\" alt=\"\" srcset=\"https:\/\/wud.psyergo.uni-wuerzburg.de\/wp-content\/uploads\/2015\/11\/Mail-Anhang-2-150x150.jpeg 150w, https:\/\/wud.psyergo.uni-wuerzburg.de\/wp-content\/uploads\/2015\/11\/Mail-Anhang-2-300x300.jpeg 300w, https:\/\/wud.psyergo.uni-wuerzburg.de\/wp-content\/uploads\/2015\/11\/Mail-Anhang-2-768x768.jpeg 768w, https:\/\/wud.psyergo.uni-wuerzburg.de\/wp-content\/uploads\/2015\/11\/Mail-Anhang-2-1024x1024.jpeg 1024w, https:\/\/wud.psyergo.uni-wuerzburg.de\/wp-content\/uploads\/2015\/11\/Mail-Anhang-2-250x250.jpeg 250w, https:\/\/wud.psyergo.uni-wuerzburg.de\/wp-content\/uploads\/2015\/11\/Mail-Anhang-2.jpeg 1205w\" sizes=\"(max-width: 150px) 100vw, 150px\" width=\"150\" height=\"150\"><\/p>\n<h6><a style=\"background-color: #ffffff;\" href=\"https:\/\/www.mayflower.de\/\" target=\"_blank\" rel=\"noopener noreferrer\">Mayflower GmbH<\/a><\/h6>\n<p><em>&#8222;Extreme acts of cruelty require high level of empathy&#8220;<\/em><br \/>\n(Hannibal Lecter)<\/p>\n<p>Die Erfahrung des Nutzers bei der Interaktion mit unserem Produkt soll etwas Positives sein \u2013 schaffen wir das nicht, haben wir unseren Job als Konzepter und Designer nicht erf\u00fcllt. Um dieses Ziel zu erreichen versuchen wir, unsere Nutzer empathisch kennenzulernen und ihren Nutzungskontext m\u00f6glichst gut zu verstehen.<\/p>\n<p>Aber was ist Empathie eigentlich und wie kann ich sie f\u00fcr den Nutzer einsetzen? Kann ich sie vielleicht auch gegen den Nutzer einsetzten (Stichwort bewusste Irref\u00fchrung)? Und warum f\u00e4llt es vielen Menschen einfacher, sich vorzustellen, was andere qu\u00e4lt, als Dinge zu finden, die die Situation anderer verbessern? Was k\u00f6nnen wir aus diesem Wissen um Empathie machen, um die Erfahrungen mit unserem Produkt f\u00fcr den Nutzer positiv zu gestalten?<\/p>\n<p>\t\t<div data-elementor-type=\"wp-post\" data-elementor-id=\"1246\" class=\"elementor elementor-1246\">\n\t\t\t\t\t\t<section class=\"elementor-section elementor-top-section elementor-element elementor-element-e291c3d elementor-section-boxed elementor-section-height-default elementor-section-height-default\" data-id=\"e291c3d\" data-element_type=\"section\" data-e-type=\"section\">\n\t\t\t\t\t\t<div class=\"elementor-container elementor-column-gap-default\">\n\t\t\t\t\t<div class=\"elementor-column elementor-col-100 elementor-top-column elementor-element elementor-element-2bcab87\" data-id=\"2bcab87\" data-element_type=\"column\" data-e-type=\"column\">\n\t\t\t<div class=\"elementor-widget-wrap elementor-element-populated\">\n\t\t\t\t\t\t<div class=\"elementor-element elementor-element-6ba7774 elementor-widget elementor-widget-heading\" data-id=\"6ba7774\" data-element_type=\"widget\" data-e-type=\"widget\" data-widget_type=\"heading.default\">\n\t\t\t\t<div class=\"elementor-widget-container\">\n\t\t\t\t\t<h2 class=\"elementor-heading-title elementor-size-default\">Partner 2025<\/h2>\t\t\t\t<\/div>\n\t\t\t\t<\/div>\n\t\t\t\t\t<\/div>\n\t\t<\/div>\n\t\t\t\t\t<\/div>\n\t\t<\/section>\n\t\t\t\t<section class=\"elementor-section elementor-top-section elementor-element elementor-element-1259d15 elementor-section-stretched elementor-section-content-middle elementor-section-boxed elementor-section-height-default elementor-section-height-default\" data-id=\"1259d15\" data-element_type=\"section\" data-e-type=\"section\" data-settings=\"{&quot;stretch_section&quot;:&quot;section-stretched&quot;,&quot;background_background&quot;:&quot;classic&quot;}\">\n\t\t\t\t\t\t<div class=\"elementor-container elementor-column-gap-default\">\n\t\t\t\t\t<div class=\"elementor-column elementor-col-25 elementor-top-column elementor-element elementor-element-52eb7e5\" data-id=\"52eb7e5\" data-element_type=\"column\" data-e-type=\"column\">\n\t\t\t<div class=\"elementor-widget-wrap elementor-element-populated\">\n\t\t\t\t\t\t<div class=\"elementor-element elementor-element-f03cbc9 elementor-widget elementor-widget-image\" data-id=\"f03cbc9\" data-element_type=\"widget\" data-e-type=\"widget\" data-widget_type=\"image.default\">\n\t\t\t\t<div class=\"elementor-widget-container\">\n\t\t\t\t\t\t\t\t\t\t\t\t\t\t\t\t<a href=\"http:\/\/psyergo.uni-wuerzburg.de\/startseite\/\" target=\"_blank\">\n\t\t\t\t\t\t\t<img loading=\"lazy\" decoding=\"async\" width=\"659\" height=\"300\" src=\"https:\/\/wud.psyergo.uni-wuerzburg.de\/wp-content\/uploads\/2019\/06\/uni-psyergo-logo.png\" class=\"attachment-large size-large wp-image-1705\" alt=\"\" srcset=\"https:\/\/wud.psyergo.uni-wuerzburg.de\/wp-content\/uploads\/2019\/06\/uni-psyergo-logo.png 659w, https:\/\/wud.psyergo.uni-wuerzburg.de\/wp-content\/uploads\/2019\/06\/uni-psyergo-logo-300x137.png 300w\" sizes=\"(max-width: 659px) 100vw, 659px\" \/>\t\t\t\t\t\t\t\t<\/a>\n\t\t\t\t\t\t\t\t\t\t\t\t\t\t\t<\/div>\n\t\t\t\t<\/div>\n\t\t\t\t\t<\/div>\n\t\t<\/div>\n\t\t\t\t<div class=\"elementor-column elementor-col-25 elementor-top-column elementor-element elementor-element-127f028\" data-id=\"127f028\" data-element_type=\"column\" data-e-type=\"column\">\n\t\t\t<div class=\"elementor-widget-wrap elementor-element-populated\">\n\t\t\t\t\t\t<div class=\"elementor-element elementor-element-21a1866 elementor-widget elementor-widget-image\" data-id=\"21a1866\" data-element_type=\"widget\" data-e-type=\"widget\" data-widget_type=\"image.default\">\n\t\t\t\t<div class=\"elementor-widget-container\">\n\t\t\t\t\t\t\t\t\t\t\t\t\t\t\t\t<a href=\"https:\/\/www.germanupa.de\/\" target=\"_blank\">\n\t\t\t\t\t\t\t<img loading=\"lazy\" decoding=\"async\" width=\"250\" height=\"80\" src=\"https:\/\/wud.psyergo.uni-wuerzburg.de\/wp-content\/uploads\/2018\/07\/german-upa-e1531124921167.jpg\" class=\"attachment-large size-large wp-image-1099\" alt=\"\" \/>\t\t\t\t\t\t\t\t<\/a>\n\t\t\t\t\t\t\t\t\t\t\t\t\t\t\t<\/div>\n\t\t\t\t<\/div>\n\t\t\t\t\t<\/div>\n\t\t<\/div>\n\t\t\t\t<div class=\"elementor-column elementor-col-25 elementor-top-column elementor-element elementor-element-ade84fd\" data-id=\"ade84fd\" data-element_type=\"column\" data-e-type=\"column\">\n\t\t\t<div class=\"elementor-widget-wrap elementor-element-populated\">\n\t\t\t\t\t\t<div class=\"elementor-element elementor-element-e5b6978 elementor-widget elementor-widget-image\" data-id=\"e5b6978\" data-element_type=\"widget\" data-e-type=\"widget\" data-widget_type=\"image.default\">\n\t\t\t\t<div class=\"elementor-widget-container\">\n\t\t\t\t\t\t\t\t\t\t\t\t\t\t\t\t<a href=\"https:\/\/www.zdi-mainfranken.de\/\">\n\t\t\t\t\t\t\t<img loading=\"lazy\" decoding=\"async\" width=\"1024\" height=\"359\" src=\"https:\/\/wud.psyergo.uni-wuerzburg.de\/wp-content\/uploads\/2024\/10\/ZDI-Logo-linksbuendig-orange-1024x359.png\" class=\"attachment-large size-large wp-image-2802\" alt=\"\" srcset=\"https:\/\/wud.psyergo.uni-wuerzburg.de\/wp-content\/uploads\/2024\/10\/ZDI-Logo-linksbuendig-orange-1024x359.png 1024w, https:\/\/wud.psyergo.uni-wuerzburg.de\/wp-content\/uploads\/2024\/10\/ZDI-Logo-linksbuendig-orange-300x105.png 300w, https:\/\/wud.psyergo.uni-wuerzburg.de\/wp-content\/uploads\/2024\/10\/ZDI-Logo-linksbuendig-orange-1536x539.png 1536w, https:\/\/wud.psyergo.uni-wuerzburg.de\/wp-content\/uploads\/2024\/10\/ZDI-Logo-linksbuendig-orange-2048x718.png 2048w, https:\/\/wud.psyergo.uni-wuerzburg.de\/wp-content\/uploads\/2024\/10\/ZDI-Logo-linksbuendig-orange-1140x400.png 1140w, https:\/\/wud.psyergo.uni-wuerzburg.de\/wp-content\/uploads\/2024\/10\/ZDI-Logo-linksbuendig-orange-830x291.png 830w\" sizes=\"(max-width: 1024px) 100vw, 1024px\" \/>\t\t\t\t\t\t\t\t<\/a>\n\t\t\t\t\t\t\t\t\t\t\t\t\t\t\t<\/div>\n\t\t\t\t<\/div>\n\t\t\t\t\t<\/div>\n\t\t<\/div>\n\t\t\t\t<div class=\"elementor-column elementor-col-25 elementor-top-column elementor-element elementor-element-22d5678\" data-id=\"22d5678\" data-element_type=\"column\" data-e-type=\"column\">\n\t\t\t<div class=\"elementor-widget-wrap elementor-element-populated\">\n\t\t\t\t\t\t<div class=\"elementor-element elementor-element-2562796 elementor-widget elementor-widget-image\" data-id=\"2562796\" data-element_type=\"widget\" data-e-type=\"widget\" data-widget_type=\"image.default\">\n\t\t\t\t<div class=\"elementor-widget-container\">\n\t\t\t\t\t\t\t\t\t\t\t\t\t\t\t\t<a href=\"https:\/\/jos-buero.de\/\" target=\"_blank\">\n\t\t\t\t\t\t\t<img loading=\"lazy\" decoding=\"async\" width=\"1024\" height=\"504\" src=\"https:\/\/wud.psyergo.uni-wuerzburg.de\/wp-content\/uploads\/2025\/10\/JOS_Logo_WUD-2025-neu-1024x504.png\" class=\"attachment-large size-large wp-image-2918\" alt=\"\" srcset=\"https:\/\/wud.psyergo.uni-wuerzburg.de\/wp-content\/uploads\/2025\/10\/JOS_Logo_WUD-2025-neu-1024x504.png 1024w, https:\/\/wud.psyergo.uni-wuerzburg.de\/wp-content\/uploads\/2025\/10\/JOS_Logo_WUD-2025-neu-300x148.png 300w, https:\/\/wud.psyergo.uni-wuerzburg.de\/wp-content\/uploads\/2025\/10\/JOS_Logo_WUD-2025-neu-1536x756.png 1536w, https:\/\/wud.psyergo.uni-wuerzburg.de\/wp-content\/uploads\/2025\/10\/JOS_Logo_WUD-2025-neu-2048x1009.png 2048w, https:\/\/wud.psyergo.uni-wuerzburg.de\/wp-content\/uploads\/2025\/10\/JOS_Logo_WUD-2025-neu-1140x561.png 1140w, https:\/\/wud.psyergo.uni-wuerzburg.de\/wp-content\/uploads\/2025\/10\/JOS_Logo_WUD-2025-neu-830x409.png 830w\" sizes=\"(max-width: 1024px) 100vw, 1024px\" \/>\t\t\t\t\t\t\t\t<\/a>\n\t\t\t\t\t\t\t\t\t\t\t\t\t\t\t<\/div>\n\t\t\t\t<\/div>\n\t\t\t\t\t<\/div>\n\t\t<\/div>\n\t\t\t\t\t<\/div>\n\t\t<\/section>\n\t\t\t\t<\/div>\n\t\t<\/p>\n","protected":false},"excerpt":{"rendered":"<p>Programm 2018 ab 13:45 Check-in 14:00 Uhr: Er\u00f6ffnung Prof. Dr. J\u00f6rn Hurtienne Lehrstuhl Psychologische Ergonomie, Universit\u00e4t W\u00fcrzburg 14:15-14:45 Uhr: HMI im Appstyle Hauke Thorenz GTI-control F\u00fcr Nordson Engineering GmbH aus L\u00fcneburg, einem weltweit agierenden Hersteller von Pr\u00e4zisionsanlagen zum Auftrag von Klebstoffen, erstellte die GTI-control aus Marktheidenfeld die neue Benutzeroberfl\u00e4che f\u00fcr die Erneuerung von VersaBlue \u00ae, [&hellip;]<\/p>\n","protected":false},"author":4,"featured_media":0,"parent":0,"menu_order":0,"comment_status":"closed","ping_status":"closed","template":"elementor_header_footer","meta":{"footnotes":""},"class_list":["post-1009","page","type-page","status-publish","hentry"],"_links":{"self":[{"href":"https:\/\/wud.psyergo.uni-wuerzburg.de\/index.php\/wp-json\/wp\/v2\/pages\/1009","targetHints":{"allow":["GET"]}}],"collection":[{"href":"https:\/\/wud.psyergo.uni-wuerzburg.de\/index.php\/wp-json\/wp\/v2\/pages"}],"about":[{"href":"https:\/\/wud.psyergo.uni-wuerzburg.de\/index.php\/wp-json\/wp\/v2\/types\/page"}],"author":[{"embeddable":true,"href":"https:\/\/wud.psyergo.uni-wuerzburg.de\/index.php\/wp-json\/wp\/v2\/users\/4"}],"replies":[{"embeddable":true,"href":"https:\/\/wud.psyergo.uni-wuerzburg.de\/index.php\/wp-json\/wp\/v2\/comments?post=1009"}],"version-history":[{"count":64,"href":"https:\/\/wud.psyergo.uni-wuerzburg.de\/index.php\/wp-json\/wp\/v2\/pages\/1009\/revisions"}],"predecessor-version":[{"id":1672,"href":"https:\/\/wud.psyergo.uni-wuerzburg.de\/index.php\/wp-json\/wp\/v2\/pages\/1009\/revisions\/1672"}],"wp:attachment":[{"href":"https:\/\/wud.psyergo.uni-wuerzburg.de\/index.php\/wp-json\/wp\/v2\/media?parent=1009"}],"curies":[{"name":"wp","href":"https:\/\/api.w.org\/{rel}","templated":true}]}}